{"id":20565,"date":"2024-04-22T14:00:15","date_gmt":"2024-04-22T12:00:15","guid":{"rendered":"https:\/\/naturcampinglagom.com\/?page_id=20565"},"modified":"2025-12-08T12:59:22","modified_gmt":"2025-12-08T11:59:22","slug":"algemene-voorwaarden","status":"publish","type":"page","link":"https:\/\/naturcampinglagom.com\/de\/algemene-voorwaarden\/","title":{"rendered":"Gesch\u00e4ftsbedingungen"},"content":{"rendered":"<div data-elementor-type=\"wp-page\" data-elementor-id=\"20565\" class=\"elementor elementor-20565\" data-elementor-post-type=\"page\">\n\t\t\t\t<div class=\"elementor-element elementor-element-68f4cf9 e-con-full e-flex e-con e-parent\" data-id=\"68f4cf9\" data-element_type=\"container\" data-e-type=\"container\">\n\t\t\t\t<div class=\"elementor-element elementor-element-d1bb007 elementor-widget elementor-widget-heading\" data-id=\"d1bb007\" data-element_type=\"widget\" data-e-type=\"widget\" data-widget_type=\"heading.default\">\n\t\t\t\t<div class=\"elementor-widget-container\">\n\t\t\t\t\t<h1 class=\"elementor-heading-title elementor-size-default\">Allgemeine Gesch\u00e4ftsbedinungen und Regeln<\/h1>\t\t\t\t<\/div>\n\t\t\t\t<\/div>\n\t\t\t\t<div class=\"elementor-element elementor-element-303197c elementor-widget elementor-widget-text-editor\" data-id=\"303197c\" data-element_type=\"widget\" data-e-type=\"widget\" data-widget_type=\"text-editor.default\">\n\t\t\t\t<div class=\"elementor-widget-container\">\n\t\t\t\t\t\t\t\t\t<p><strong>Willkommen auf Naturcamping Lagom, unser idyllische und nachhaltige Campingplatz.<\/strong><\/p><p>Wir hoffen, dass Sie einen sch\u00f6nen und angenehmen Aufenthalt bei uns haben.<\/p><p>Die folgenden Regeln gelten f\u00fcr unsere G\u00e4ste und wurden in Zusammenarbeit mit der schwedischen Campingorganisation entworfen.<\/p>\t\t\t\t\t\t\t\t<\/div>\n\t\t\t\t<\/div>\n\t\t\t\t<div class=\"elementor-element elementor-element-2248bf5 elementor-widget elementor-widget-text-editor\" data-id=\"2248bf5\" data-element_type=\"widget\" data-e-type=\"widget\" data-widget_type=\"text-editor.default\">\n\t\t\t\t<div class=\"elementor-widget-container\">\n\t\t\t\t\t\t\t\t\t<p><strong>Tijd aankomst:<\/strong><\/p><ul><li>Stuga\u2019s en hostelkamers: na 15.00 uur\u00a0<\/li><li>Campinggasten: na 14.00 uur\u00a0<\/li><\/ul><p><strong>Tijd vertrek:<\/strong><\/p><ul><li>Stuga\u2019s en hostelkamers: voor 10.00 uur\u00a0<\/li><li>Campinggasten:\u00a0voor\u00a012.00\u00a0uur\u00a0<\/li><\/ul><p><strong>Bij aankomst en bij vertrek<\/strong><\/p><p>Die Campingurlauber sollten sich sofort nach ihrer Ankunft auf dem Gel\u00e4nde an der Rezeption melden. Bitte legen Sie hierzu einen g\u00fcltigen Ausweis oder eine Camping Keycard vor. Gruppen werden vom Gruppenleiter angemeldet. Geben Sie au\u00dferdem an, ob Sie ein extra Zelt\/Boot etc. dabei haben.<\/p><p>Abreise: Falls nicht anders mit der Rezeption besprochen, sind die H\u00e4uschen und Zimmer vor 11.00 Uhr, im wie bei Anreise vorgefundenen Zustand, zu verlassen (sp\u00e4testens 12:00 Uhr Verlassen des Campingplatzes). Besonders in der Hochsaison sind wir f\u00fcr ein p\u00fcnktliches Auschecken dankbar.<\/p><p><strong>Reservierung<\/strong><\/p><p>Bei Reservierung ist eine Anzahlung von 50 % des Mietpreises innerhalb von zwei Wochen erforderlich.<\/p><p>Der Restbetrag (50 %) muss zwei Wochen vor dem Ankunftstag bezahlt werden. Die Gesamtkosten f\u00fcr die Unterkunft m\u00fcssen vor der Ankunft vollst\u00e4ndig bezahlt sein.<\/p><p><strong>Stornierung<\/strong><\/p><p><span class=\"TextRun SCXW185810241 BCX0\" lang=\"NL-NL\" xml:lang=\"NL-NL\" data-contrast=\"auto\"><span class=\"NormalTextRun SCXW185810241 BCX0\">Bei einer Stornierung innerhalb dieser zweiw\u00f6chigen Frist wird der gesamte Betrag nicht zur\u00fcckerstattet, au\u00dfer im Falle eines Todesfalls in Ihrer Familie.<\/span><\/span><span class=\"EOP SCXW185810241 BCX0\" data-ccp-props=\"{}\">\u00a0<\/span><\/p><p><strong>Fahrzeuge<\/strong><\/p><p>Nutzen Sie Ihr Fahrzeug nicht mehr als absolut notwendig und halten Sie sich dabei an die vorgeschriebene Geschwindigkeit auf dem Campingplatz.<br \/>Es ist nicht erlaubt Ihr Auto oder andere Campingausr\u00fcstung auf dem Gel\u00e4nde zu waschen.<\/p><p>Tempor\u00e4re Besucher des Campingplatzes werden gebeten das Fahrzeug au\u00dferhalb des Gel\u00e4ndes zu parken, um die Ruhe auf dem Campingplatz zu wahren.<\/p><p><strong>Hunde<\/strong><\/p><p>Hunde sind auf unserem Campingplatz willkommen. Wir verlangen jedoch eine kleine Geb\u00fchr pro Nacht. Bitte nehmen Sie R\u00fccksicht auf die anderen G\u00e4ste des Campinglatzes. Innerhalb des Campinggel\u00e4ndes sind Hunde st\u00e4ndig an der Leine zu halten. Au\u00dferhalb des Campingplatzes gibt es vielf\u00e4ltige Auslaufm\u00f6glichkeiten. Entsorgen Sie seine Notdurft bitte mit Hundet\u00fcten. Wir erwarten, dass jeder Hundebesitzer die Verantwortung f\u00fcr die Einhaltung der Regeln nimmt. Bei Versto\u00df haben wir das Recht den<\/p><p><strong>Internetnutzung<\/strong><\/p><p>Die G\u00e4ste sind f\u00fcr die korrekte Nutzung des Internets verantwortlich. Besuchen Sie keine rechtswidrigen Websites. Naturcamping Lagom hat das Recht bei Verdacht auf Internetmissbrauch, den Internetzugang ohne Vorank\u00fcndigung zu sperren.<\/p><p><strong>Haftung<\/strong><\/p><p>Wir \u00fcbernehmen keine Haftung f\u00fcr Sch\u00e4den oder Verletzungen, die durch Personen oder Kinder verursacht werden, die sich auf unserem Campingplatz aufhalten. Dies gilt auch f\u00fcr die Nutzung von Materialien oder Spielzeug, die Eigentum des Campingplatzes sind. Eltern werden ausdr\u00fccklich gebeten, ihre Kinder gut zu beaufsichtigen, auch wenn diese au\u00dferhalb ihrer direkten Sichtweite mit Materialien des Campingplatzes spielen.<\/p><p><strong>Allgemein<\/strong><\/p><p>Bitte helfen Sie uns das Gel\u00e4nde sauber und ordentlich zu halten. Bitte entsorgen Sie Ihren Abfall in die vorgesehenen Beh\u00e4lter und denken Sie an eine M\u00fclltrennung.<\/p><p>Achten Sie auf die Umwelt. Gehen Sie mit Wasser und Strom bitte sparsam um und kl\u00e4ren Sie auch Ihre Kinder diesbez\u00fcglich auf.<\/p><p>Besitzer oder Mitarbeiter haften nicht f\u00fcr extreme Wettereinfl\u00fcsse oder andere Formen h\u00f6herer Gewalten.<\/p><p>Besitzer oder Mitarbeiter haften nicht f\u00fcr Sch\u00e4den oder Verlust pers\u00f6nlicher Gegenst\u00e4nde.<\/p><p>Sie d\u00fcrfen jegliche Campingausr\u00fcstung verwenden. Es ist jedoch nicht gestattet Unterk\u00fcnfte mit permanenten Charakter zu errichten.<\/p><p>Wohnw\u00e4gen m\u00fcssen registriert sein, um sie mit einem Fahrzeug zu benutzen.<\/p><p>Eigene permanente Ausr\u00fcstung (zum Beispiel Z\u00e4une) sind nicht erlaubt. Fragen Sie im Zweifel in der Rezeption nach.<\/p><p>Stellen Sie sicher, dass Gas- und Elektroger\u00e4te gem\u00e4\u00df den Vorschriften gepr\u00fcft und zugelassen wurden.<\/p><p>Hinterlassen Sie die gemeinschaftlichen Sanit\u00e4ranlagen (u.a. Toiletten, Duschen, Abwaschraum, K\u00fcche, Spielecke und Caf\u00e9) im gleichen Zustand, wie Sie Ihn vorzufinden w\u00fcnschen.<\/p><p>Eine allgemeine Regel auf unserem Campingplatz ist: Zwischen 23:00 \u2013 07:00 Uhr ist es ruhig.<\/p><p>Die Besitzer und Mitarbeiter sind f\u00fcr Ruhe und Ordnung auf dem Campingplatz verantwortlich und helfen gerne bei Problemen.<\/p><p>Besitzer und Mitarbeiter k\u00f6nnen ausnahmsweise gezwungen sein, gegen G\u00e4ste vorzugehen, die die oben genannten Verhaltensregeln nicht respektieren und diese daher nicht einhalten m\u00f6chten. Wir k\u00f6nnen G\u00e4ste, die eine St\u00f6rung auf dem Campingplatz verursachen, auffordern, den Campingplatz zu verlassen und sie zur Abgabe ihrer Campingkarte zu verpflichten.<\/p><h3>Verhalten Sie sich achtsam in der Natur, denn nichts braucht die Natur mehr, als die Achtsamkeit der Menschen!<\/h3>\t\t\t\t\t\t\t\t<\/div>\n\t\t\t\t<\/div>\n\t\t\t\t<\/div>\n\t\t\t\t<\/div>","protected":false},"excerpt":{"rendered":"<p>Algemene voorwaarden en reglement Welkom op Naturcamping Lagom, onze idyllische en duurzame camping. We hopen dat u een fijn en mooi verblijf heeft hier. De volgende voorwaarden zijn voor onze gasten van toepassing. Deze voorwaarden zijn ontwikkeld in samenwerking met de Zweedse camping organisatie. Tijd aankomst: Stuga\u2019s en hostelkamers: na 15.00 uur\u00a0 Campinggasten: na 14.00 [&hellip;]<\/p>\n","protected":false},"author":9,"featured_media":0,"parent":0,"menu_order":0,"comment_status":"closed","ping_status":"closed","template":"elementor_header_footer","meta":{"_glsr_average":0,"_glsr_ranking":0,"_glsr_reviews":0,"footnotes":""},"class_list":["post-20565","page","type-page","status-publish","hentry"],"_links":{"self":[{"href":"https:\/\/naturcampinglagom.com\/de\/wp-json\/wp\/v2\/pages\/20565","targetHints":{"allow":["GET"]}}],"collection":[{"href":"https:\/\/naturcampinglagom.com\/de\/wp-json\/wp\/v2\/pages"}],"about":[{"href":"https:\/\/naturcampinglagom.com\/de\/wp-json\/wp\/v2\/types\/page"}],"author":[{"embeddable":true,"href":"https:\/\/naturcampinglagom.com\/de\/wp-json\/wp\/v2\/users\/9"}],"replies":[{"embeddable":true,"href":"https:\/\/naturcampinglagom.com\/de\/wp-json\/wp\/v2\/comments?post=20565"}],"version-history":[{"count":28,"href":"https:\/\/naturcampinglagom.com\/de\/wp-json\/wp\/v2\/pages\/20565\/revisions"}],"predecessor-version":[{"id":21510,"href":"https:\/\/naturcampinglagom.com\/de\/wp-json\/wp\/v2\/pages\/20565\/revisions\/21510"}],"wp:attachment":[{"href":"https:\/\/naturcampinglagom.com\/de\/wp-json\/wp\/v2\/media?parent=20565"}],"curies":[{"name":"wp","href":"https:\/\/api.w.org\/{rel}","templated":true}]}}