{"id":20538,"date":"2024-04-10T15:10:27","date_gmt":"2024-04-10T13:10:27","guid":{"rendered":"https:\/\/naturcampinglagom.com\/?page_id=20538"},"modified":"2024-05-14T10:13:56","modified_gmt":"2024-05-14T08:13:56","slug":"over-ons","status":"publish","type":"page","link":"https:\/\/naturcampinglagom.com\/sv\/over-ons\/","title":{"rendered":"Om oss"},"content":{"rendered":"<div data-elementor-type=\"wp-page\" data-elementor-id=\"20538\" class=\"elementor elementor-20538\" data-elementor-post-type=\"page\">\n\t\t\t\t<div class=\"elementor-element elementor-element-3ddd62a e-flex e-con-boxed e-con e-parent\" data-id=\"3ddd62a\" data-element_type=\"container\" data-e-type=\"container\">\n\t\t\t\t\t<div class=\"e-con-inner\">\n\t\t\t\t<div class=\"elementor-element elementor-element-a38acaf elementor-widget elementor-widget-heading\" data-id=\"a38acaf\" data-element_type=\"widget\" data-e-type=\"widget\" data-widget_type=\"heading.default\">\n\t\t\t\t<div class=\"elementor-widget-container\">\n\t\t\t\t\t<h2 class=\"elementor-heading-title elementor-size-default\">Om oss<\/h2>\t\t\t\t<\/div>\n\t\t\t\t<\/div>\n\t\t\t\t\t<\/div>\n\t\t\t\t<\/div>\n\t\t<div class=\"elementor-element elementor-element-220496b e-con-full e-flex e-con e-parent\" data-id=\"220496b\" data-element_type=\"container\" data-e-type=\"container\">\n\t\t<div class=\"elementor-element elementor-element-aa62497 e-con-full e-flex e-con e-child\" data-id=\"aa62497\" data-element_type=\"container\" data-e-type=\"container\">\n\t\t\t\t<div class=\"elementor-element elementor-element-2ec7ec0 elementor-widget elementor-widget-text-editor\" data-id=\"2ec7ec0\" data-element_type=\"widget\" data-e-type=\"widget\" data-widget_type=\"text-editor.default\">\n\t\t\t\t<div class=\"elementor-widget-container\">\n\t\t\t\t\t\t\t\t\t<p>Hall\u00e5!<\/p><p>Wij zijn Harold en Mariska en zijn sinds augustus 2019 met onze jongste kinderen, Wisse en Rune, naar Zweden verhuisd om hier te leven en werken. Hiervoor woonden we in Nijeveen in Nederland.<\/p><p>We zijn de uitdaging aangegaan om in het mooie Zweden een camping te beginnen. Vanaf 1 September 2019 zijn we eigenaar geworden van Naturcamping LAGOM. Met veel enthousiasme, zin en inspiratie geven wij deze boscamping vorm. Wij houden van de Zweedse natuur, rust en ruimte. Dit zijn precies de goede ingredi\u00ebnten voor een heerlijke vakantie bij ons.<\/p><p>En semester d\u00e4r du kan k\u00e4nna LAGOM. Lagom \u00e4r ett typiskt svenskt ord som bokstavligen \u00f6vers\u00e4tts till \"lagom\".<\/p><p>Precis r\u00e4tt f\u00f6r dig sj\u00e4lv, f\u00f6r andra och f\u00f6r v\u00e4rlden du lever i.<\/p><p>Lagom \u00f6vers\u00e4tter ocks\u00e5 till h\u00e5llbarhet. D\u00e4r vi kan str\u00e4var vi efter ansvarsfull aff\u00e4rsverksamhet. Vi tycker att detta \u00e4r viktigt. Du kommer ocks\u00e5 att se Lagom i campingens lugna enkelhet, de vackra platserna, det varma vardagsrummet, vackra vyer och vacker natur omkring dig. Vi vill g\u00e4rna tr\u00e4ffa dig h\u00e4r och hoppas att den svenska naturen ska ge n\u00e4ring och v\u00e5rda dig som den g\u00f6r f\u00f6r oss.<\/p><p>V\u00c4LKOMMEN till v\u00e5r Naturcamping LAGOM<\/p>\t\t\t\t\t\t\t\t<\/div>\n\t\t\t\t<\/div>\n\t\t\t\t<\/div>\n\t\t<div class=\"elementor-element elementor-element-b2bf440 e-con-full e-flex e-con e-child\" data-id=\"b2bf440\" data-element_type=\"container\" data-e-type=\"container\">\n\t\t\t\t<div class=\"elementor-element elementor-element-da13e84 elementor-widget elementor-widget-image\" data-id=\"da13e84\" data-element_type=\"widget\" data-e-type=\"widget\" data-widget_type=\"image.default\">\n\t\t\t\t<div class=\"elementor-widget-container\">\n\t\t\t\t\t\t\t\t\t\t\t\t\t\t\t<img fetchpriority=\"high\" decoding=\"async\" width=\"768\" height=\"1024\" src=\"https:\/\/naturcampinglagom.com\/wp-content\/uploads\/2019\/09\/WhatsApp-Image-2019-09-09-at-18.54.24-1-768x1024.jpeg\" class=\"attachment-large size-large wp-image-14608\" alt=\"\" srcset=\"https:\/\/naturcampinglagom.com\/wp-content\/uploads\/2019\/09\/WhatsApp-Image-2019-09-09-at-18.54.24-1-768x1024.jpeg 768w, https:\/\/naturcampinglagom.com\/wp-content\/uploads\/2019\/09\/WhatsApp-Image-2019-09-09-at-18.54.24-1-225x300.jpeg 225w, https:\/\/naturcampinglagom.com\/wp-content\/uploads\/2019\/09\/WhatsApp-Image-2019-09-09-at-18.54.24-1.jpeg 990w\" sizes=\"(max-width: 768px) 100vw, 768px\" \/>\t\t\t\t\t\t\t\t\t\t\t\t\t\t\t<\/div>\n\t\t\t\t<\/div>\n\t\t\t\t<\/div>\n\t\t\t\t<\/div>\n\t\t\t\t<\/div>","protected":false},"excerpt":{"rendered":"<p>Even voorstellen Hej! Wij zijn Harold en Mariska en zijn sinds augustus 2019 met onze jongste kinderen, Wisse en Rune, naar Zweden verhuisd om hier te leven en werken. Hiervoor woonden we in Nijeveen in Nederland. We zijn de uitdaging aangegaan om in het mooie Zweden een camping te beginnen. Vanaf 1 September 2019 zijn [&hellip;]<\/p>\n","protected":false},"author":9,"featured_media":0,"parent":0,"menu_order":0,"comment_status":"closed","ping_status":"closed","template":"elementor_header_footer","meta":{"_glsr_average":0,"_glsr_ranking":0,"_glsr_reviews":0,"footnotes":""},"class_list":["post-20538","page","type-page","status-publish","hentry"],"_links":{"self":[{"href":"https:\/\/naturcampinglagom.com\/sv\/wp-json\/wp\/v2\/pages\/20538","targetHints":{"allow":["GET"]}}],"collection":[{"href":"https:\/\/naturcampinglagom.com\/sv\/wp-json\/wp\/v2\/pages"}],"about":[{"href":"https:\/\/naturcampinglagom.com\/sv\/wp-json\/wp\/v2\/types\/page"}],"author":[{"embeddable":true,"href":"https:\/\/naturcampinglagom.com\/sv\/wp-json\/wp\/v2\/users\/9"}],"replies":[{"embeddable":true,"href":"https:\/\/naturcampinglagom.com\/sv\/wp-json\/wp\/v2\/comments?post=20538"}],"version-history":[{"count":16,"href":"https:\/\/naturcampinglagom.com\/sv\/wp-json\/wp\/v2\/pages\/20538\/revisions"}],"predecessor-version":[{"id":20917,"href":"https:\/\/naturcampinglagom.com\/sv\/wp-json\/wp\/v2\/pages\/20538\/revisions\/20917"}],"wp:attachment":[{"href":"https:\/\/naturcampinglagom.com\/sv\/wp-json\/wp\/v2\/media?parent=20538"}],"curies":[{"name":"wp","href":"https:\/\/api.w.org\/{rel}","templated":true}]}}