{"id":20565,"date":"2024-04-22T14:00:15","date_gmt":"2024-04-22T12:00:15","guid":{"rendered":"https:\/\/naturcampinglagom.com\/?page_id=20565"},"modified":"2025-12-08T12:59:22","modified_gmt":"2025-12-08T11:59:22","slug":"algemene-voorwaarden","status":"publish","type":"page","link":"https:\/\/naturcampinglagom.com\/sv\/algemene-voorwaarden\/","title":{"rendered":"Villkor"},"content":{"rendered":"<div data-elementor-type=\"wp-page\" data-elementor-id=\"20565\" class=\"elementor elementor-20565\" data-elementor-post-type=\"page\">\n\t\t\t\t<div class=\"elementor-element elementor-element-68f4cf9 e-con-full e-flex e-con e-parent\" data-id=\"68f4cf9\" data-element_type=\"container\" data-e-type=\"container\">\n\t\t\t\t<div class=\"elementor-element elementor-element-d1bb007 elementor-widget elementor-widget-heading\" data-id=\"d1bb007\" data-element_type=\"widget\" data-e-type=\"widget\" data-widget_type=\"heading.default\">\n\t\t\t\t<div class=\"elementor-widget-container\">\n\t\t\t\t\t<h1 class=\"elementor-heading-title elementor-size-default\">Villkor<\/h1>\t\t\t\t<\/div>\n\t\t\t\t<\/div>\n\t\t\t\t<div class=\"elementor-element elementor-element-303197c elementor-widget elementor-widget-text-editor\" data-id=\"303197c\" data-element_type=\"widget\" data-e-type=\"widget\" data-widget_type=\"text-editor.default\">\n\t\t\t\t<div class=\"elementor-widget-container\">\n\t\t\t\t\t\t\t\t\t<p><strong>V\u00e4lkommen till Naturcamping Lagom, v\u00e5r idylliska och h\u00e5llbara camping.<\/strong><\/p><p>Vi hoppas att du f\u00e5r en fin vistelse h\u00e4r hos oss.<\/p><p>Allm\u00e4nna villkor g\u00e4ller. Villkoren har tagits fram i samarbete med SCR svensk camping.<\/p>\t\t\t\t\t\t\t\t<\/div>\n\t\t\t\t<\/div>\n\t\t\t\t<div class=\"elementor-element elementor-element-2248bf5 elementor-widget elementor-widget-text-editor\" data-id=\"2248bf5\" data-element_type=\"widget\" data-e-type=\"widget\" data-widget_type=\"text-editor.default\">\n\t\t\t\t<div class=\"elementor-widget-container\">\n\t\t\t\t\t\t\t\t\t<p><strong>Ankomsttid:<\/strong><\/p><ul><li>Stuga\u2019s en hostelkamers: na 15.00 uur\u00a0<\/li><li>Campinggasten: na 14.00 uur\u00a0<\/li><\/ul><p><strong>Avresetid:<\/strong><\/p><ul><li>Stuga\u2019s en hostelkamers: voor 10.00 uur\u00a0<\/li><li>Campingg\u00e4ster: f\u00f6re kl. 12.00\u00a0<\/li><\/ul><p><strong>Vid ankomst och avresa<\/strong><\/p><p>G\u00e4ster ska anm\u00e4la sig i receptionen vid ankomst. G\u00e4ster m\u00e5ste ha giltig legitimation eller camping Keycard med sig. Grupper anm\u00e4las av gruppledaren. Man ska ocks\u00e5 anm\u00e4la om man har ett extra t\u00e4lt\/b\u00e5t etcetera med sig.<\/p><p>Avg\u00e5ng: Om man inte har kommit \u00f6verens om en annan tid med receptionen, m\u00e5ste check-out ske f\u00f6re klockan 11:00 om man har bott i en stuga eller ett rum (klockan 12:00 f\u00f6r g\u00e4ster p\u00e5 campingen). Alla boende m\u00e5ste l\u00e4mnas i rent och i bra skick. Vi f\u00f6redrar och \u00e4r tacksamma om ni kan checka ut i god m\u00e5n av tid, framf\u00f6r allt under h\u00f6gs\u00e5songen.<\/p><p><strong>Bokning<\/strong><\/p><p>Vid varje bokning ska en f\u00f6rskottsbetalning p\u00e5 50% av det totala beloppet betalas i f\u00f6rv\u00e4g inom tv\u00e5 veckor.<\/p><p>Resterande belopp (50 %) ska betalas tv\u00e5 veckor f\u00f6re ankomstdagen. Den totala kostnaden f\u00f6r boendet m\u00e5ste vara fullt betald f\u00f6re ankomst.<\/p><p><strong>Avbokning<\/strong><\/p><p><span class=\"TextRun SCXW185810241 BCX0\" lang=\"NL-NL\" xml:lang=\"NL-NL\" data-contrast=\"auto\"><span class=\"NormalTextRun SCXW185810241 BCX0\">Vid avbokning inom denna tv\u00e5veckorsperiod \u00e5terbetalas inte hela beloppet, utom i h\u00e4ndelse av d\u00f6dsfall i familjen.<\/span><\/span><span class=\"EOP SCXW185810241 BCX0\" data-ccp-props=\"{}\">\u00a0<\/span><\/p><p><strong>Fordon<\/strong><\/p><p>Anv\u00e4nd inte ditt fordon mer \u00e4n n\u00f6dv\u00e4ndigt och k\u00f6r inte h\u00f6gre \u00e4n den maximala hastigheten som g\u00e4ller p\u00e5 campingen.<br \/>Det \u00e4r inte till\u00e5ten att tv\u00e4tta ens bil p\u00e5 campingen eller anv\u00e4nda andra kemikalier p\u00e5 campingen.<\/p><p>Bes\u00f6kare tillfr\u00e5gas att parkera sin bil utanf\u00f6r campingens terr\u00e4ng f\u00f6r att h\u00e5lla campingen s\u00e5 lugnt som m\u00f6jligt.<\/p><p><strong>Hundar<\/strong><\/p><p>Hundar \u00e4r v\u00e4lkomna p\u00e5 v\u00e5r camping. F\u00f6r detta tillgodor\u00e4knar vi ett litet arvode. Hund\u00e4gare m\u00e5ste respektera andra g\u00e4ster p\u00e5 campingen. Hundar ska vara kopplade och m\u00e5ste rastas utanf\u00f6r campingens terr\u00e4ng. Hund\u00e4gare m\u00e5ste plocka efter sin hund och anv\u00e4nda bajsp\u00e5sar. Vi f\u00f6rv\u00e4ntar oss att alla tar sitt ansvar. G\u00f6r man inte det, d\u00e5 beh\u00e5ller vi r\u00e4tten att avl\u00e4gsna g\u00e4sten och hunden fr\u00e5n campingen.<\/p><p><strong>Internetanv\u00e4ndning<\/strong><\/p><p>G\u00e4ster b\u00e4r ansvaret f\u00f6r att de anv\u00e4nder internetet p\u00e5 ett r\u00e4tt s\u00e4tt och ska inte bes\u00f6ka olagliga websidor eller sidor som verkar vara av olaglig karakt\u00e4r. Naturcamping Lagom har r\u00e4ttigheten att blockera tillg\u00e5ng till internetet om vi f\u00f6rmodar olagligt bruk av internet eller uppt\u00e4cker detta.<\/p><p><strong>Ansvar<\/strong><\/p><p>Vi ansvarar inte f\u00f6r skador eller personskador orsakade av personer eller barn som vistas p\u00e5 v\u00e5r campingplats. Detta g\u00e4ller \u00e4ven vid anv\u00e4ndning av material eller leksaker som tillh\u00f6r campingplatsen. F\u00f6r\u00e4ldrar uppmanas uttryckligen att h\u00e5lla uppsikt \u00f6ver sina barn, \u00e4ven n\u00e4r de leker utanf\u00f6r det direkta synf\u00e4ltet med material fr\u00e5n campingplatsen.<\/p><p><strong>Allm\u00e4nt<\/strong><\/p><p>Hj\u00e4lp oss att se till att campingen \u00e4r rent och att det inte ligger skr\u00e4p eller sopor. Anv\u00e4nd r\u00e4tt soptunna\/container och \u00e5tervinn era sopor d\u00e4r m\u00f6jligt.<\/p><p>T\u00e4nk p\u00e5 miljon. Detta inneb\u00e4r att ni eller era barn inte anv\u00e4nder mer vatten \u00e4n ni beh\u00f6ver och att ni t\u00e4nker p\u00e5 energibesparing.<\/p><p>\u00c4garna och\/eller personalen \u00e4r inte ansvarig f\u00f6r konsekvenserna av extremt v\u00e4der eller andra former av \u00f6vermakt.<\/p><p>\u00c4garna och\/eller personalen \u00e4r inte ansvarig f\u00f6r skada till eller f\u00f6rlust av g\u00e4sternas egendom.<\/p><p>All campingutrustning av normal storlek f\u00e5r anv\u00e4ndas. Det \u00e4r inte till\u00e5ten att s\u00e4tta upp permanenta anl\u00e4ggningar.<\/p><p>Husvagnar ska vara registrerade f\u00f6r anv\u00e4ndning.<\/p><p>G\u00e4ster f\u00e5r inte s\u00e4tta upp anl\u00e4ggningar som till exempel ett staket. Om du tvivlar p\u00e5 vad som du f\u00e5r g\u00f6ra, g\u00e4rna fr\u00e5ga oss.<\/p><p>Sn\u00e4lla, ser till att alla gas- och elektricitetsutrustning \u00e4r testad och godk\u00e4nd enligt f\u00f6reskrift.<\/p><p>Se g\u00e4rna till att l\u00e4mna alla allm\u00e4nna faciliteter (till exempel toaletter, dusch, diskplats, k\u00f6k, lekplats, caf\u00e9) i samma skikt som du g\u00e4rna skulle vilja antr\u00e4ffa dem.<\/p><p>En allm\u00e4n regel p\u00e5 campingen \u00e4r att det \u00e4r lugnt mellan klockan 23:00 och 08:00.<\/p><p>\u00c4garna och personalen ansvarar f\u00f6r att se till att allt \u00e4r lugnt och i ordning och f\u00f6r att hj\u00e4lpa till n\u00e4r det finns problem.<\/p><p>\u00c4garna och personalen kan vid undantag bli tvungen att vidta \u00e5tg\u00e4rder mot g\u00e4ster som inte respekterar ovanst\u00e5ende husreglerna och inte f\u00f6ljer dem. G\u00e4ster som orsakar besv\u00e4r kan bli tvungen att g\u00e5 och l\u00e4mna in sitt campingkort.<\/p><h3>Ta hand om naturen och milj\u00f6n\u2026det beh\u00f6ver ditt skydd!<\/h3>\t\t\t\t\t\t\t\t<\/div>\n\t\t\t\t<\/div>\n\t\t\t\t<\/div>\n\t\t\t\t<\/div>","protected":false},"excerpt":{"rendered":"<p>Algemene voorwaarden en reglement Welkom op Naturcamping Lagom, onze idyllische en duurzame camping. We hopen dat u een fijn en mooi verblijf heeft hier. De volgende voorwaarden zijn voor onze gasten van toepassing. Deze voorwaarden zijn ontwikkeld in samenwerking met de Zweedse camping organisatie. Tijd aankomst: Stuga\u2019s en hostelkamers: na 15.00 uur\u00a0 Campinggasten: na 14.00 [&hellip;]<\/p>\n","protected":false},"author":9,"featured_media":0,"parent":0,"menu_order":0,"comment_status":"closed","ping_status":"closed","template":"elementor_header_footer","meta":{"_glsr_average":0,"_glsr_ranking":0,"_glsr_reviews":0,"footnotes":""},"class_list":["post-20565","page","type-page","status-publish","hentry"],"_links":{"self":[{"href":"https:\/\/naturcampinglagom.com\/sv\/wp-json\/wp\/v2\/pages\/20565","targetHints":{"allow":["GET"]}}],"collection":[{"href":"https:\/\/naturcampinglagom.com\/sv\/wp-json\/wp\/v2\/pages"}],"about":[{"href":"https:\/\/naturcampinglagom.com\/sv\/wp-json\/wp\/v2\/types\/page"}],"author":[{"embeddable":true,"href":"https:\/\/naturcampinglagom.com\/sv\/wp-json\/wp\/v2\/users\/9"}],"replies":[{"embeddable":true,"href":"https:\/\/naturcampinglagom.com\/sv\/wp-json\/wp\/v2\/comments?post=20565"}],"version-history":[{"count":28,"href":"https:\/\/naturcampinglagom.com\/sv\/wp-json\/wp\/v2\/pages\/20565\/revisions"}],"predecessor-version":[{"id":21510,"href":"https:\/\/naturcampinglagom.com\/sv\/wp-json\/wp\/v2\/pages\/20565\/revisions\/21510"}],"wp:attachment":[{"href":"https:\/\/naturcampinglagom.com\/sv\/wp-json\/wp\/v2\/media?parent=20565"}],"curies":[{"name":"wp","href":"https:\/\/api.w.org\/{rel}","templated":true}]}}